{"id":3767,"date":"2024-06-08T22:34:09","date_gmt":"2024-06-08T22:34:09","guid":{"rendered":"https:\/\/wmatelesalud.com\/?page_id=3767"},"modified":"2024-06-14T00:21:14","modified_gmt":"2024-06-14T00:21:14","slug":"schools","status":"publish","type":"page","link":"https:\/\/worldmedictelehealth.com\/fr\/schools\/","title":{"rendered":"\u00c9coles"},"content":{"rendered":"<div data-elementor-type=\"wp-page\" data-elementor-id=\"3767\" class=\"elementor elementor-3767\" data-elementor-post-type=\"page\">\n\t\t\t\t\t\t<section class=\"elementor-section elementor-top-section elementor-element elementor-element-fa9ec5b elementor-section-full_width elementor-section-height-default elementor-section-height-default\" data-id=\"fa9ec5b\" data-element_type=\"section\" data-settings=\"{&quot;background_background&quot;:&quot;classic&quot;}\">\n\t\t\t\t\t\t<div class=\"elementor-container elementor-column-gap-default\">\n\t\t\t\t\t<div class=\"elementor-column elementor-col-50 elementor-top-column elementor-element elementor-element-2a64139\" data-id=\"2a64139\" data-element_type=\"column\">\n\t\t\t<div class=\"elementor-widget-wrap elementor-element-populated\">\n\t\t\t\t\t\t<div class=\"elementor-element elementor-element-ae1e4ed elementor-widget elementor-widget-heading\" data-id=\"ae1e4ed\" data-element_type=\"widget\" data-widget_type=\"heading.default\">\n\t\t\t\t<div class=\"elementor-widget-container\">\n\t\t\t\t\t<h2 class=\"elementor-heading-title elementor-size-default\">\u00cates-vous responsable d'une \u00e9cole et souhaitez-vous savoir comment fonctionne notre service de t\u00e9l\u00e9m\u00e9decine ?<\/h2>\t\t\t\t<\/div>\n\t\t\t\t<\/div>\n\t\t\t\t<div class=\"elementor-element elementor-element-0fc5470 elementor-widget__width-initial elementor-widget-mobile__width-inherit elementor-widget elementor-widget-heading\" data-id=\"0fc5470\" data-element_type=\"widget\" data-widget_type=\"heading.default\">\n\t\t\t\t<div class=\"elementor-widget-container\">\n\t\t\t\t\t<p class=\"elementor-heading-title elementor-size-default\">Notre service de t\u00e9l\u00e9m\u00e9decine, con\u00e7u pour les \u00e9tudiants pendant les heures de classe, garantit le soin de leur sant\u00e9 et de leur bien-\u00eatre.<\/p>\t\t\t\t<\/div>\n\t\t\t\t<\/div>\n\t\t\t\t\t<\/div>\n\t\t<\/div>\n\t\t\t\t<div class=\"elementor-column elementor-col-50 elementor-top-column elementor-element elementor-element-e370f23\" data-id=\"e370f23\" data-element_type=\"column\" data-settings=\"{&quot;background_background&quot;:&quot;classic&quot;}\">\n\t\t\t<div class=\"elementor-widget-wrap elementor-element-populated\">\n\t\t\t\t\t\t<div class=\"elementor-element elementor-element-c9d3d71 elementor-widget elementor-widget-image\" data-id=\"c9d3d71\" data-element_type=\"widget\" data-widget_type=\"image.default\">\n\t\t\t\t<div class=\"elementor-widget-container\">\n\t\t\t\t\t\t\t\t\t\t\t\t\t\t\t<img fetchpriority=\"high\" decoding=\"async\" width=\"640\" height=\"465\" src=\"https:\/\/worldmedictelehealth.com\/wp-content\/uploads\/2024\/06\/Plans-de-santev4.png\" class=\"attachment-large size-large wp-image-4166\" alt=\"\" srcset=\"https:\/\/worldmedictelehealth.com\/wp-content\/uploads\/2024\/06\/Plans-de-santev4.png 674w, https:\/\/worldmedictelehealth.com\/wp-content\/uploads\/2024\/06\/Plans-de-santev4-300x218.png 300w, https:\/\/worldmedictelehealth.com\/wp-content\/uploads\/2024\/06\/Plans-de-santev4-18x12.png 18w, https:\/\/worldmedictelehealth.com\/wp-content\/uploads\/2024\/06\/Plans-de-santev4-370x270.png 370w, https:\/\/worldmedictelehealth.com\/wp-content\/uploads\/2024\/06\/Plans-de-santev4-570x414.png 570w\" sizes=\"(max-width: 640px) 100vw, 640px\" \/>\t\t\t\t\t\t\t\t\t\t\t\t\t\t\t<\/div>\n\t\t\t\t<\/div>\n\t\t\t\t\t<\/div>\n\t\t<\/div>\n\t\t\t\t\t<\/div>\n\t\t<\/section>\n\t\t\t\t<section class=\"elementor-section elementor-top-section elementor-element elementor-element-4a68a8b elementor-section-full_width elementor-section-height-min-height elementor-section-items-stretch elementor-section-stretched elementor-section-height-default\" data-id=\"4a68a8b\" data-element_type=\"section\" data-settings=\"{&quot;stretch_section&quot;:&quot;section-stretched&quot;}\">\n\t\t\t\t\t\t<div class=\"elementor-container elementor-column-gap-default\">\n\t\t\t\t\t<div class=\"elementor-column elementor-col-100 elementor-top-column elementor-element elementor-element-97c0165\" data-id=\"97c0165\" data-element_type=\"column\">\n\t\t\t<div class=\"elementor-widget-wrap elementor-element-populated\">\n\t\t\t\t\t\t<div class=\"elementor-element elementor-element-db83745 elementor-widget elementor-widget-spacer\" data-id=\"db83745\" data-element_type=\"widget\" data-widget_type=\"spacer.default\">\n\t\t\t\t<div class=\"elementor-widget-container\">\n\t\t\t\t\t\t\t<div class=\"elementor-spacer\">\n\t\t\t<div class=\"elementor-spacer-inner\"><\/div>\n\t\t<\/div>\n\t\t\t\t\t\t<\/div>\n\t\t\t\t<\/div>\n\t\t\t\t<div class=\"elementor-element elementor-element-90331b8 elementor-widget elementor-widget-heading\" data-id=\"90331b8\" data-element_type=\"widget\" data-widget_type=\"heading.default\">\n\t\t\t\t<div class=\"elementor-widget-container\">\n\t\t\t\t\t<h2 class=\"elementor-heading-title elementor-size-default\">Caract\u00e9ristiques de notre service<\/h2>\t\t\t\t<\/div>\n\t\t\t\t<\/div>\n\t\t\t\t<section class=\"elementor-section elementor-inner-section elementor-element elementor-element-d6d7748 elementor-section-boxed elementor-section-height-default elementor-section-height-default\" data-id=\"d6d7748\" data-element_type=\"section\">\n\t\t\t\t\t\t<div class=\"elementor-container elementor-column-gap-default\">\n\t\t\t\t\t<div class=\"elementor-column elementor-col-50 elementor-inner-column elementor-element elementor-element-08747ce\" data-id=\"08747ce\" data-element_type=\"column\">\n\t\t\t<div class=\"elementor-widget-wrap elementor-element-populated\">\n\t\t\t\t\t\t<div class=\"elementor-element elementor-element-4aed719 elementor-widget elementor-widget-image\" data-id=\"4aed719\" data-element_type=\"widget\" data-widget_type=\"image.default\">\n\t\t\t\t<div class=\"elementor-widget-container\">\n\t\t\t\t\t\t\t\t\t\t\t\t\t\t\t<img decoding=\"async\" width=\"608\" height=\"500\" src=\"https:\/\/worldmedictelehealth.com\/wp-content\/uploads\/2024\/06\/Priorisez-la-sante.png\" class=\"attachment-full size-full wp-image-4174\" alt=\"\" srcset=\"https:\/\/worldmedictelehealth.com\/wp-content\/uploads\/2024\/06\/Priorisez-la-sante.png 608w, https:\/\/worldmedictelehealth.com\/wp-content\/uploads\/2024\/06\/Priorisez-la-sante-300x247.png 300w, https:\/\/worldmedictelehealth.com\/wp-content\/uploads\/2024\/06\/Priorisez-la-sante-15x12.png 15w, https:\/\/worldmedictelehealth.com\/wp-content\/uploads\/2024\/06\/Priorisez-la-sante-570x469.png 570w\" sizes=\"(max-width: 608px) 100vw, 608px\" \/>\t\t\t\t\t\t\t\t\t\t\t\t\t\t\t<\/div>\n\t\t\t\t<\/div>\n\t\t\t\t\t<\/div>\n\t\t<\/div>\n\t\t\t\t<div class=\"elementor-column elementor-col-50 elementor-inner-column elementor-element elementor-element-93e6afe\" data-id=\"93e6afe\" data-element_type=\"column\" data-settings=\"{&quot;background_background&quot;:&quot;classic&quot;}\">\n\t\t\t<div class=\"elementor-widget-wrap elementor-element-populated\">\n\t\t\t\t\t<div class=\"elementor-background-overlay\"><\/div>\n\t\t\t\t\t\t<div class=\"elementor-element elementor-element-80276c5 elementor-widget elementor-widget-heading\" data-id=\"80276c5\" data-element_type=\"widget\" data-widget_type=\"heading.default\">\n\t\t\t\t<div class=\"elementor-widget-container\">\n\t\t\t\t\t<p class=\"elementor-heading-title elementor-size-default\">KIDSCARE<\/p>\t\t\t\t<\/div>\n\t\t\t\t<\/div>\n\t\t\t\t<div class=\"elementor-element elementor-element-d9fb4b9 elementor-widget-mobile__width-initial elementor-widget elementor-widget-heading\" data-id=\"d9fb4b9\" data-element_type=\"widget\" data-widget_type=\"heading.default\">\n\t\t\t\t<div class=\"elementor-widget-container\">\n\t\t\t\t\t<h2 class=\"elementor-heading-title elementor-size-default\">Caract\u00e9ristiques de notre service<\/h2>\t\t\t\t<\/div>\n\t\t\t\t<\/div>\n\t\t\t\t<div class=\"elementor-element elementor-element-85cbefb elementor-widget-mobile__width-initial elementor-widget elementor-widget-heading\" data-id=\"85cbefb\" data-element_type=\"widget\" data-widget_type=\"heading.default\">\n\t\t\t\t<div class=\"elementor-widget-container\">\n\t\t\t\t\t<p class=\"elementor-heading-title elementor-size-default\">\u2022 T\u00e9l\u00e9p\u00e9diatrie \u2022 Psychologie \u2022 Nutrition <br>\n\n\u2022 Apr\u00e8s chaque consultation, l'\u00e9cole re\u00e7oit une s\u00e9rie de recommandations pour les soins de l'\u00e9l\u00e8ve. <br>\n\n\u2022 Rapport m\u00e9dical complet pour les parents. <br>\n\n\u2022 Capture en temps r\u00e9el des donn\u00e9es m\u00e9dicales via la cam\u00e9ra. <br>\n\n\u2022 Les enseignants et les membres du personnel peuvent \u00e9galement utiliser personnellement nos services de t\u00e9l\u00e9m\u00e9decine, renfor\u00e7ant ainsi leur fid\u00e9lit\u00e9 et leur motivation envers l'\u00e9cole et au-del\u00e0. <br>\n<\/p>\t\t\t\t<\/div>\n\t\t\t\t<\/div>\n\t\t\t\t<div class=\"elementor-element elementor-element-fd91f18 elementor-align-center elementor-widget elementor-widget-button\" data-id=\"fd91f18\" data-element_type=\"widget\" data-widget_type=\"button.default\">\n\t\t\t\t<div class=\"elementor-widget-container\">\n\t\t\t\t\t\t\t\t\t<div class=\"elementor-button-wrapper\">\n\t\t\t\t\t<a class=\"elementor-button elementor-button-link elementor-size-sm\" href=\"https:\/\/worldmedictelehealth.com\/fr\/contact\/\">\n\t\t\t\t\t\t<span class=\"elementor-button-content-wrapper\">\n\t\t\t\t\t\t\t\t\t<span class=\"elementor-button-text\">Contactez-nous<\/span>\n\t\t\t\t\t<\/span>\n\t\t\t\t\t<\/a>\n\t\t\t\t<\/div>\n\t\t\t\t\t\t\t\t<\/div>\n\t\t\t\t<\/div>\n\t\t\t\t\t<\/div>\n\t\t<\/div>\n\t\t\t\t\t<\/div>\n\t\t<\/section>\n\t\t\t\t<div class=\"elementor-element elementor-element-97e252b elementor-widget elementor-widget-spacer\" data-id=\"97e252b\" data-element_type=\"widget\" data-widget_type=\"spacer.default\">\n\t\t\t\t<div class=\"elementor-widget-container\">\n\t\t\t\t\t\t\t<div class=\"elementor-spacer\">\n\t\t\t<div class=\"elementor-spacer-inner\"><\/div>\n\t\t<\/div>\n\t\t\t\t\t\t<\/div>\n\t\t\t\t<\/div>\n\t\t\t\t\t<\/div>\n\t\t<\/div>\n\t\t\t\t\t<\/div>\n\t\t<\/section>\n\t\t\t\t<section class=\"elementor-section elementor-top-section elementor-element elementor-element-d88b05b elementor-section-boxed elementor-section-height-default elementor-section-height-default\" data-id=\"d88b05b\" data-element_type=\"section\">\n\t\t\t\t\t\t<div class=\"elementor-container elementor-column-gap-default\">\n\t\t\t\t\t<div class=\"elementor-column elementor-col-100 elementor-top-column elementor-element elementor-element-de16430\" data-id=\"de16430\" data-element_type=\"column\">\n\t\t\t<div class=\"elementor-widget-wrap elementor-element-populated\">\n\t\t\t\t\t\t<div class=\"elementor-element elementor-element-bd89682 elementor-widget elementor-widget-shortcode\" data-id=\"bd89682\" data-element_type=\"widget\" data-widget_type=\"shortcode.default\">\n\t\t\t\t<div class=\"elementor-widget-container\">\n\t\t\t\t\t\t\t<div class=\"elementor-shortcode\">\n            <div \n                class=\"elfsight-widget-whatsapp-chat elfsight-widget\" \n                data-elfsight-whatsapp-chat-options=\"%7B%22facebookSubgoup%22%3Anull%2C%22whatsappSubgoup%22%3Anull%2C%22telegramSubgoup%22%3Anull%2C%22viberSubgoup%22%3Anull%2C%22rumbletalkSubgoup%22%3Anull%2C%22divider-1%22%3Anull%2C%22userAccessToken%22%3Anull%2C%22page%22%3Anull%2C%22phone%22%3A%22%2B1786483-5383%22%2C%22link%22%3Anull%2C%22userAccessTokenBubbleSubgroup%22%3Anull%2C%22bubbleIcon%22%3A%22whatsapp-chat%22%2C%22bubbleText%22%3A%22Send%20a%20message%22%2C%22picture%22%3A%22custom%22%2C%22pictureLibrary%22%3A%7B%22photo%22%3A%22https%3A%5C%2F%5C%2Fpbs.twimg.com%5C%2Fprofile_images%5C%2F951055655594545153%5C%2FF6eybr-i.jpg%22%7D%2C%22pictureCustom%22%3A%22https%3A%5C%2F%5C%2Fworldmedictelehealth.com%5C%2Fwp-content%5C%2Fuploads%5C%2F2024%5C%2F06%5C%2Fni123.png%22%2C%22name%22%3A%22WMT%20advisor%22%2C%22nameCaptionType%22%3A%22replyTime%22%2C%22nameCaptionReplyTime%22%3A%22Typically%20replies%20in%20minutes%22%2C%22nameCaptionCustom%22%3Anull%2C%22welcomeMessage%22%3A%22Hello%20%5Cud83d%5Cudc4b%20How%20can%20I%20help%20you%3F%3Cbr%3E%22%2C%22buttonText%22%3A%22Start%20Chat%22%2C%22buttonIconVisible%22%3Atrue%2C%22position%22%3A%22floating%22%2C%22align%22%3A%22right%22%2C%22whereToDisplayChat%22%3A%22allPages%22%2C%22excludedPages%22%3A%5B%5D%2C%22specificPages%22%3A%5B%5D%2C%22devicesToDisplay%22%3A%5B%22mobile%22%2C%22desktop%22%5D%2C%22showChatTo%22%3A%22allVisitors%22%2C%22displayDays%22%3A%5B0%2C1%2C2%2C3%2C4%2C5%2C6%5D%2C%22timeSchedule%22%3Afalse%2C%22displayStartTime%22%3A%2200%3A00%22%2C%22displayEndTime%22%3A%2200%3A00%22%2C%22timeZone%22%3A0%2C%22timeOnPage%22%3A0%2C%22timeOnSite%22%3A0%2C%22scrollPosition%22%3A0%2C%22exiIntent%22%3Afalse%2C%22notifications%22%3A%5B%22bubbleBadge%22%2C%22tabTitle%22%5D%2C%22headerBackgroundColor%22%3A%22rgb%289%2C%2094%2C%2084%29%22%2C%22buttonColor%22%3A%22rgb%2879%2C%20206%2C%2093%29%22%2C%22bubbleBackgroundColor%22%3A%22rgb%28255%2C%20255%2C%20255%29%22%2C%22bubbleIconColor%22%3A%22rgb%2879%2C%20206%2C%2093%29%22%2C%22windowBackgroundColor%22%3A%22rgb%28230%2C%20221%2C%20212%29%22%2C%22windowBackgroundPattern%22%3A%22https%3A%5C%2F%5C%2Felfsight.com%5C%2Fassets%5C%2Fchats%5C%2Fpatterns%5C%2Fwhatsapp.png%22%2C%22buttonBorderRadius%22%3A20%2C%22widgetId%22%3A%221%22%7D\" \n                data-elfsight-whatsapp-chat-version=\"1.2.0\"\n                data-elfsight-widget-id=\"elfsight-whatsapp-chat-1\">\n            <\/div>\n            <\/div>\n\t\t\t\t\t\t<\/div>\n\t\t\t\t<\/div>\n\t\t\t\t\t<\/div>\n\t\t<\/div>\n\t\t\t\t\t<\/div>\n\t\t<\/section>\n\t\t\t\t<\/div>","protected":false},"excerpt":{"rendered":"<p>Are you in charge of a school and want to know how our telemedicine service works? Our telemedicine service, designed for students during school hours, ensures the care of their health and well-being. Features of our service KIDSCARE Features of Our Service \u2022 Telepaediatrics \u2022 Psychology \u2022 Nutrition \u2022 After each consultation, the school receives [&hellip;]<\/p>","protected":false},"author":2,"featured_media":0,"parent":0,"menu_order":0,"comment_status":"closed","ping_status":"closed","template":"elementor_header_footer","meta":{"footnotes":""},"_links":{"self":[{"href":"https:\/\/worldmedictelehealth.com\/fr\/wp-json\/wp\/v2\/pages\/3767"}],"collection":[{"href":"https:\/\/worldmedictelehealth.com\/fr\/wp-json\/wp\/v2\/pages"}],"about":[{"href":"https:\/\/worldmedictelehealth.com\/fr\/wp-json\/wp\/v2\/types\/page"}],"author":[{"embeddable":true,"href":"https:\/\/worldmedictelehealth.com\/fr\/wp-json\/wp\/v2\/users\/2"}],"replies":[{"embeddable":true,"href":"https:\/\/worldmedictelehealth.com\/fr\/wp-json\/wp\/v2\/comments?post=3767"}],"version-history":[{"count":128,"href":"https:\/\/worldmedictelehealth.com\/fr\/wp-json\/wp\/v2\/pages\/3767\/revisions"}],"predecessor-version":[{"id":4478,"href":"https:\/\/worldmedictelehealth.com\/fr\/wp-json\/wp\/v2\/pages\/3767\/revisions\/4478"}],"wp:attachment":[{"href":"https:\/\/worldmedictelehealth.com\/fr\/wp-json\/wp\/v2\/media?parent=3767"}],"curies":[{"name":"wp","href":"https:\/\/api.w.org\/{rel}","templated":true}]}}