{"id":3559,"date":"2024-05-26T19:46:44","date_gmt":"2024-05-26T19:46:44","guid":{"rendered":"https:\/\/wmatelesalud.com\/?page_id=3559"},"modified":"2024-06-14T00:24:13","modified_gmt":"2024-06-14T00:24:13","slug":"plans-and-services","status":"publish","type":"page","link":"https:\/\/worldmedictelehealth.com\/fr\/plans-and-services\/","title":{"rendered":"Plans et services"},"content":{"rendered":"<div data-elementor-type=\"wp-page\" data-elementor-id=\"3559\" class=\"elementor elementor-3559\" data-elementor-post-type=\"page\">\n\t\t\t\t\t\t<section class=\"elementor-section elementor-top-section elementor-element elementor-element-fa9ec5b elementor-section-full_width elementor-hidden-mobile elementor-section-height-default elementor-section-height-default\" data-id=\"fa9ec5b\" data-element_type=\"section\" data-settings=\"{&quot;background_background&quot;:&quot;classic&quot;}\">\n\t\t\t\t\t\t<div class=\"elementor-container elementor-column-gap-default\">\n\t\t\t\t\t<div class=\"elementor-column elementor-col-100 elementor-top-column elementor-element elementor-element-e370f23\" data-id=\"e370f23\" data-element_type=\"column\" data-settings=\"{&quot;background_background&quot;:&quot;classic&quot;}\">\n\t\t\t<div class=\"elementor-widget-wrap elementor-element-populated\">\n\t\t\t\t\t\t<div class=\"elementor-element elementor-element-f92baa4 elementor-widget elementor-widget-image\" data-id=\"f92baa4\" data-element_type=\"widget\" data-widget_type=\"image.default\">\n\t\t\t\t<div class=\"elementor-widget-container\">\n\t\t\t\t\t\t\t\t\t\t\t\t\t\t\t<img fetchpriority=\"high\" decoding=\"async\" width=\"1919\" height=\"761\" src=\"https:\/\/worldmedictelehealth.com\/wp-content\/uploads\/2024\/06\/Plans-et-services.png\" class=\"attachment-full size-full wp-image-3968\" alt=\"\" srcset=\"https:\/\/worldmedictelehealth.com\/wp-content\/uploads\/2024\/06\/Plans-et-services.png 1919w, https:\/\/worldmedictelehealth.com\/wp-content\/uploads\/2024\/06\/Plans-et-services-300x119.png 300w, https:\/\/worldmedictelehealth.com\/wp-content\/uploads\/2024\/06\/Plans-et-services-1024x406.png 1024w, https:\/\/worldmedictelehealth.com\/wp-content\/uploads\/2024\/06\/Plans-et-services-768x305.png 768w, https:\/\/worldmedictelehealth.com\/wp-content\/uploads\/2024\/06\/Plans-et-services-1536x609.png 1536w, https:\/\/worldmedictelehealth.com\/wp-content\/uploads\/2024\/06\/Plans-et-services-18x7.png 18w, https:\/\/worldmedictelehealth.com\/wp-content\/uploads\/2024\/06\/Plans-et-services-570x226.png 570w\" sizes=\"(max-width: 1919px) 100vw, 1919px\" \/>\t\t\t\t\t\t\t\t\t\t\t\t\t\t\t<\/div>\n\t\t\t\t<\/div>\n\t\t\t\t\t<\/div>\n\t\t<\/div>\n\t\t\t\t\t<\/div>\n\t\t<\/section>\n\t\t\t\t<section class=\"elementor-section elementor-top-section elementor-element elementor-element-b702ea9 elementor-hidden-desktop elementor-hidden-tablet elementor-section-boxed elementor-section-height-default elementor-section-height-default\" data-id=\"b702ea9\" data-element_type=\"section\">\n\t\t\t\t\t\t<div class=\"elementor-container elementor-column-gap-default\">\n\t\t\t\t\t<div class=\"elementor-column elementor-col-50 elementor-top-column elementor-element elementor-element-7036f96\" data-id=\"7036f96\" data-element_type=\"column\">\n\t\t\t<div class=\"elementor-widget-wrap elementor-element-populated\">\n\t\t\t\t\t\t<div class=\"elementor-element elementor-element-bd97af0 elementor-widget elementor-widget-spacer\" data-id=\"bd97af0\" data-element_type=\"widget\" data-widget_type=\"spacer.default\">\n\t\t\t\t<div class=\"elementor-widget-container\">\n\t\t\t\t\t\t\t<div class=\"elementor-spacer\">\n\t\t\t<div class=\"elementor-spacer-inner\"><\/div>\n\t\t<\/div>\n\t\t\t\t\t\t<\/div>\n\t\t\t\t<\/div>\n\t\t\t\t<div class=\"elementor-element elementor-element-11fe69c elementor-widget elementor-widget-image\" data-id=\"11fe69c\" data-element_type=\"widget\" data-widget_type=\"image.default\">\n\t\t\t\t<div class=\"elementor-widget-container\">\n\t\t\t\t\t\t\t\t\t\t\t\t\t\t\t<img decoding=\"async\" width=\"835\" height=\"699\" src=\"https:\/\/worldmedictelehealth.com\/wp-content\/uploads\/2024\/06\/Plans-and-services-mobile.png\" class=\"attachment-full size-full wp-image-3972\" alt=\"\" srcset=\"https:\/\/worldmedictelehealth.com\/wp-content\/uploads\/2024\/06\/Plans-and-services-mobile.png 835w, https:\/\/worldmedictelehealth.com\/wp-content\/uploads\/2024\/06\/Plans-and-services-mobile-300x251.png 300w, https:\/\/worldmedictelehealth.com\/wp-content\/uploads\/2024\/06\/Plans-and-services-mobile-768x643.png 768w, https:\/\/worldmedictelehealth.com\/wp-content\/uploads\/2024\/06\/Plans-and-services-mobile-14x12.png 14w, https:\/\/worldmedictelehealth.com\/wp-content\/uploads\/2024\/06\/Plans-and-services-mobile-570x477.png 570w\" sizes=\"(max-width: 835px) 100vw, 835px\" \/>\t\t\t\t\t\t\t\t\t\t\t\t\t\t\t<\/div>\n\t\t\t\t<\/div>\n\t\t\t\t\t<\/div>\n\t\t<\/div>\n\t\t\t\t<div class=\"elementor-column elementor-col-50 elementor-top-column elementor-element elementor-element-e1876e2\" data-id=\"e1876e2\" data-element_type=\"column\">\n\t\t\t<div class=\"elementor-widget-wrap elementor-element-populated\">\n\t\t\t\t\t\t<div class=\"elementor-element elementor-element-3ed3aa4 elementor-widget elementor-widget-image\" data-id=\"3ed3aa4\" data-element_type=\"widget\" data-widget_type=\"image.default\">\n\t\t\t\t<div class=\"elementor-widget-container\">\n\t\t\t\t\t\t\t\t\t\t\t\t\t\t\t<img decoding=\"async\" width=\"835\" height=\"548\" src=\"https:\/\/worldmedictelehealth.com\/wp-content\/uploads\/2024\/06\/Plans-et-services_mobile.png\" class=\"attachment-full size-full wp-image-3973\" alt=\"\" srcset=\"https:\/\/worldmedictelehealth.com\/wp-content\/uploads\/2024\/06\/Plans-et-services_mobile.png 835w, https:\/\/worldmedictelehealth.com\/wp-content\/uploads\/2024\/06\/Plans-et-services_mobile-300x197.png 300w, https:\/\/worldmedictelehealth.com\/wp-content\/uploads\/2024\/06\/Plans-et-services_mobile-768x504.png 768w, https:\/\/worldmedictelehealth.com\/wp-content\/uploads\/2024\/06\/Plans-et-services_mobile-18x12.png 18w, https:\/\/worldmedictelehealth.com\/wp-content\/uploads\/2024\/06\/Plans-et-services_mobile-570x374.png 570w\" sizes=\"(max-width: 835px) 100vw, 835px\" \/>\t\t\t\t\t\t\t\t\t\t\t\t\t\t\t<\/div>\n\t\t\t\t<\/div>\n\t\t\t\t\t<\/div>\n\t\t<\/div>\n\t\t\t\t\t<\/div>\n\t\t<\/section>\n\t\t\t\t<section class=\"elementor-section elementor-top-section elementor-element elementor-element-dff07bb elementor-section-boxed elementor-section-height-default elementor-section-height-default\" data-id=\"dff07bb\" data-element_type=\"section\">\n\t\t\t\t\t\t<div class=\"elementor-container elementor-column-gap-default\">\n\t\t\t\t\t<div class=\"elementor-column elementor-col-100 elementor-top-column elementor-element elementor-element-0dfe103\" data-id=\"0dfe103\" data-element_type=\"column\">\n\t\t\t<div class=\"elementor-widget-wrap elementor-element-populated\">\n\t\t\t\t\t\t<section class=\"elementor-section elementor-inner-section elementor-element elementor-element-661ad2f elementor-section-boxed elementor-section-height-default elementor-section-height-default\" data-id=\"661ad2f\" data-element_type=\"section\">\n\t\t\t\t\t\t<div class=\"elementor-container elementor-column-gap-default\">\n\t\t\t\t\t<div class=\"elementor-column elementor-col-33 elementor-inner-column elementor-element elementor-element-98172be\" data-id=\"98172be\" data-element_type=\"column\">\n\t\t\t<div class=\"elementor-widget-wrap elementor-element-populated\">\n\t\t\t\t\t\t<div class=\"elementor-element elementor-element-d147bc5 elementor-widget elementor-widget-heading\" data-id=\"d147bc5\" data-element_type=\"widget\" data-widget_type=\"heading.default\">\n\t\t\t\t<div class=\"elementor-widget-container\">\n\t\t\t\t\t<p class=\"elementor-heading-title elementor-size-default\">Nous sauvons des vies gr\u00e2ce \u00e0 la technologie.<\/p>\t\t\t\t<\/div>\n\t\t\t\t<\/div>\n\t\t\t\t<div class=\"elementor-element elementor-element-e5aeab5 elementor-widget elementor-widget-heading\" data-id=\"e5aeab5\" data-element_type=\"widget\" data-widget_type=\"heading.default\">\n\t\t\t\t<div class=\"elementor-widget-container\">\n\t\t\t\t\t<h4 class=\"elementor-heading-title elementor-size-default\">Nous fournissons des services de t\u00e9l\u00e9m\u00e9decine et d\u00e9veloppons le produit m\u00e9dical id\u00e9al pour<\/h4>\t\t\t\t<\/div>\n\t\t\t\t<\/div>\n\t\t\t\t\t<\/div>\n\t\t<\/div>\n\t\t\t\t<div class=\"elementor-column elementor-col-33 elementor-inner-column elementor-element elementor-element-d16bd6a\" data-id=\"d16bd6a\" data-element_type=\"column\">\n\t\t\t<div class=\"elementor-widget-wrap elementor-element-populated\">\n\t\t\t\t\t\t<div class=\"elementor-element elementor-element-e9c10d9 elementor-widget elementor-widget-image\" data-id=\"e9c10d9\" data-element_type=\"widget\" data-widget_type=\"image.default\">\n\t\t\t\t<div class=\"elementor-widget-container\">\n\t\t\t\t\t\t\t\t\t\t\t\t\t\t\t\t<a href=\"\/fr\/escuelas\/\">\n\t\t\t\t\t\t\t<img loading=\"lazy\" decoding=\"async\" width=\"580\" height=\"568\" src=\"https:\/\/worldmedictelehealth.com\/wp-content\/uploads\/2024\/06\/Schools.png\" class=\"attachment-full size-full wp-image-3945\" alt=\"\" srcset=\"https:\/\/worldmedictelehealth.com\/wp-content\/uploads\/2024\/06\/Schools.png 580w, https:\/\/worldmedictelehealth.com\/wp-content\/uploads\/2024\/06\/Schools-300x294.png 300w, https:\/\/worldmedictelehealth.com\/wp-content\/uploads\/2024\/06\/Schools-12x12.png 12w, https:\/\/worldmedictelehealth.com\/wp-content\/uploads\/2024\/06\/Schools-72x72.png 72w, https:\/\/worldmedictelehealth.com\/wp-content\/uploads\/2024\/06\/Schools-70x70.png 70w, https:\/\/worldmedictelehealth.com\/wp-content\/uploads\/2024\/06\/Schools-570x558.png 570w\" sizes=\"(max-width: 580px) 100vw, 580px\" \/>\t\t\t\t\t\t\t\t<\/a>\n\t\t\t\t\t\t\t\t\t\t\t\t\t\t\t<\/div>\n\t\t\t\t<\/div>\n\t\t\t\t<div class=\"elementor-element elementor-element-a6e3d33 elementor-widget elementor-widget-heading\" data-id=\"a6e3d33\" data-element_type=\"widget\" data-widget_type=\"heading.default\">\n\t\t\t\t<div class=\"elementor-widget-container\">\n\t\t\t\t\t<h4 class=\"elementor-heading-title elementor-size-default\"><a href=\"https:\/\/worldmedictelehealth.com\/fr\/schools\/\" target=\"_blank\">\u00c9coles<\/a><\/h4>\t\t\t\t<\/div>\n\t\t\t\t<\/div>\n\t\t\t\t\t<\/div>\n\t\t<\/div>\n\t\t\t\t<div class=\"elementor-column elementor-col-33 elementor-inner-column elementor-element elementor-element-03338b5\" data-id=\"03338b5\" data-element_type=\"column\">\n\t\t\t<div class=\"elementor-widget-wrap elementor-element-populated\">\n\t\t\t\t\t\t<div class=\"elementor-element elementor-element-cbf55d8 elementor-widget elementor-widget-image\" data-id=\"cbf55d8\" data-element_type=\"widget\" data-widget_type=\"image.default\">\n\t\t\t\t<div class=\"elementor-widget-container\">\n\t\t\t\t\t\t\t\t\t\t\t\t\t\t\t\t<a href=\"\/fr\/companias-aseguradoras\/\">\n\t\t\t\t\t\t\t<img loading=\"lazy\" decoding=\"async\" width=\"580\" height=\"568\" src=\"https:\/\/worldmedictelehealth.com\/wp-content\/uploads\/2024\/06\/Insurance-Companies.png\" class=\"attachment-full size-full wp-image-3946\" alt=\"\" srcset=\"https:\/\/worldmedictelehealth.com\/wp-content\/uploads\/2024\/06\/Insurance-Companies.png 580w, https:\/\/worldmedictelehealth.com\/wp-content\/uploads\/2024\/06\/Insurance-Companies-300x294.png 300w, https:\/\/worldmedictelehealth.com\/wp-content\/uploads\/2024\/06\/Insurance-Companies-12x12.png 12w, https:\/\/worldmedictelehealth.com\/wp-content\/uploads\/2024\/06\/Insurance-Companies-72x72.png 72w, https:\/\/worldmedictelehealth.com\/wp-content\/uploads\/2024\/06\/Insurance-Companies-70x70.png 70w, https:\/\/worldmedictelehealth.com\/wp-content\/uploads\/2024\/06\/Insurance-Companies-570x558.png 570w\" sizes=\"(max-width: 580px) 100vw, 580px\" \/>\t\t\t\t\t\t\t\t<\/a>\n\t\t\t\t\t\t\t\t\t\t\t\t\t\t\t<\/div>\n\t\t\t\t<\/div>\n\t\t\t\t<div class=\"elementor-element elementor-element-0d98278 elementor-widget elementor-widget-heading\" data-id=\"0d98278\" data-element_type=\"widget\" data-widget_type=\"heading.default\">\n\t\t\t\t<div class=\"elementor-widget-container\">\n\t\t\t\t\t<h4 class=\"elementor-heading-title elementor-size-default\"><a href=\"https:\/\/worldmedictelehealth.com\/fr\/insurance-companies\/\" target=\"_blank\">Compagnies d'assurance<\/a><\/h4>\t\t\t\t<\/div>\n\t\t\t\t<\/div>\n\t\t\t\t\t<\/div>\n\t\t<\/div>\n\t\t\t\t\t<\/div>\n\t\t<\/section>\n\t\t\t\t<section class=\"elementor-section elementor-inner-section elementor-element elementor-element-c8c9d1b elementor-section-boxed elementor-section-height-default elementor-section-height-default\" data-id=\"c8c9d1b\" data-element_type=\"section\">\n\t\t\t\t\t\t<div class=\"elementor-container elementor-column-gap-default\">\n\t\t\t\t\t<div class=\"elementor-column elementor-col-33 elementor-inner-column elementor-element elementor-element-2efae57\" data-id=\"2efae57\" data-element_type=\"column\">\n\t\t\t<div class=\"elementor-widget-wrap elementor-element-populated\">\n\t\t\t\t\t\t<div class=\"elementor-element elementor-element-83811c6 elementor-widget elementor-widget-image\" data-id=\"83811c6\" data-element_type=\"widget\" data-widget_type=\"image.default\">\n\t\t\t\t<div class=\"elementor-widget-container\">\n\t\t\t\t\t\t\t\t\t\t\t\t\t\t\t\t<a href=\"\/fr\/empresas\/\">\n\t\t\t\t\t\t\t<img loading=\"lazy\" decoding=\"async\" width=\"580\" height=\"568\" src=\"https:\/\/worldmedictelehealth.com\/wp-content\/uploads\/2024\/06\/Businesses.png\" class=\"attachment-full size-full wp-image-3947\" alt=\"\" srcset=\"https:\/\/worldmedictelehealth.com\/wp-content\/uploads\/2024\/06\/Businesses.png 580w, https:\/\/worldmedictelehealth.com\/wp-content\/uploads\/2024\/06\/Businesses-300x294.png 300w, https:\/\/worldmedictelehealth.com\/wp-content\/uploads\/2024\/06\/Businesses-12x12.png 12w, https:\/\/worldmedictelehealth.com\/wp-content\/uploads\/2024\/06\/Businesses-72x72.png 72w, https:\/\/worldmedictelehealth.com\/wp-content\/uploads\/2024\/06\/Businesses-70x70.png 70w, https:\/\/worldmedictelehealth.com\/wp-content\/uploads\/2024\/06\/Businesses-570x558.png 570w\" sizes=\"(max-width: 580px) 100vw, 580px\" \/>\t\t\t\t\t\t\t\t<\/a>\n\t\t\t\t\t\t\t\t\t\t\t\t\t\t\t<\/div>\n\t\t\t\t<\/div>\n\t\t\t\t<div class=\"elementor-element elementor-element-b161863 elementor-widget elementor-widget-heading\" data-id=\"b161863\" data-element_type=\"widget\" data-widget_type=\"heading.default\">\n\t\t\t\t<div class=\"elementor-widget-container\">\n\t\t\t\t\t<h4 class=\"elementor-heading-title elementor-size-default\"><a href=\"https:\/\/worldmedictelehealth.com\/fr\/businesses\/\" target=\"_blank\">Entreprises<\/a><\/h4>\t\t\t\t<\/div>\n\t\t\t\t<\/div>\n\t\t\t\t\t<\/div>\n\t\t<\/div>\n\t\t\t\t<div class=\"elementor-column elementor-col-33 elementor-inner-column elementor-element elementor-element-847b191\" data-id=\"847b191\" data-element_type=\"column\">\n\t\t\t<div class=\"elementor-widget-wrap elementor-element-populated\">\n\t\t\t\t\t\t<div class=\"elementor-element elementor-element-56ab02d elementor-widget elementor-widget-image\" data-id=\"56ab02d\" data-element_type=\"widget\" data-widget_type=\"image.default\">\n\t\t\t\t<div class=\"elementor-widget-container\">\n\t\t\t\t\t\t\t\t\t\t\t\t\t\t\t\t<a href=\"\/fr\/particulares\/\">\n\t\t\t\t\t\t\t<img loading=\"lazy\" decoding=\"async\" width=\"580\" height=\"568\" src=\"https:\/\/worldmedictelehealth.com\/wp-content\/uploads\/2024\/06\/Individuals.png\" class=\"attachment-full size-full wp-image-3948\" alt=\"\" srcset=\"https:\/\/worldmedictelehealth.com\/wp-content\/uploads\/2024\/06\/Individuals.png 580w, https:\/\/worldmedictelehealth.com\/wp-content\/uploads\/2024\/06\/Individuals-300x294.png 300w, https:\/\/worldmedictelehealth.com\/wp-content\/uploads\/2024\/06\/Individuals-12x12.png 12w, https:\/\/worldmedictelehealth.com\/wp-content\/uploads\/2024\/06\/Individuals-72x72.png 72w, https:\/\/worldmedictelehealth.com\/wp-content\/uploads\/2024\/06\/Individuals-70x70.png 70w, https:\/\/worldmedictelehealth.com\/wp-content\/uploads\/2024\/06\/Individuals-570x558.png 570w\" sizes=\"(max-width: 580px) 100vw, 580px\" \/>\t\t\t\t\t\t\t\t<\/a>\n\t\t\t\t\t\t\t\t\t\t\t\t\t\t\t<\/div>\n\t\t\t\t<\/div>\n\t\t\t\t<div class=\"elementor-element elementor-element-d375a00 elementor-widget elementor-widget-heading\" data-id=\"d375a00\" data-element_type=\"widget\" data-widget_type=\"heading.default\">\n\t\t\t\t<div class=\"elementor-widget-container\">\n\t\t\t\t\t<h4 class=\"elementor-heading-title elementor-size-default\"><a href=\"https:\/\/worldmedictelehealth.com\/fr\/individuals\/\">Particuliers<\/a><\/h4>\t\t\t\t<\/div>\n\t\t\t\t<\/div>\n\t\t\t\t\t<\/div>\n\t\t<\/div>\n\t\t\t\t<div class=\"elementor-column elementor-col-33 elementor-inner-column elementor-element elementor-element-85fd708\" data-id=\"85fd708\" data-element_type=\"column\">\n\t\t\t<div class=\"elementor-widget-wrap elementor-element-populated\">\n\t\t\t\t\t\t<div class=\"elementor-element elementor-element-a253f26 elementor-widget elementor-widget-image\" data-id=\"a253f26\" data-element_type=\"widget\" data-widget_type=\"image.default\">\n\t\t\t\t<div class=\"elementor-widget-container\">\n\t\t\t\t\t\t\t\t\t\t\t\t\t\t\t\t<a href=\"\/fr\/residencias-geriatricas\/\">\n\t\t\t\t\t\t\t<img loading=\"lazy\" decoding=\"async\" width=\"580\" height=\"568\" src=\"https:\/\/worldmedictelehealth.com\/wp-content\/uploads\/2024\/06\/Care-Homes.png\" class=\"attachment-full size-full wp-image-3949\" alt=\"\" srcset=\"https:\/\/worldmedictelehealth.com\/wp-content\/uploads\/2024\/06\/Care-Homes.png 580w, https:\/\/worldmedictelehealth.com\/wp-content\/uploads\/2024\/06\/Care-Homes-300x294.png 300w, https:\/\/worldmedictelehealth.com\/wp-content\/uploads\/2024\/06\/Care-Homes-12x12.png 12w, https:\/\/worldmedictelehealth.com\/wp-content\/uploads\/2024\/06\/Care-Homes-72x72.png 72w, https:\/\/worldmedictelehealth.com\/wp-content\/uploads\/2024\/06\/Care-Homes-70x70.png 70w, https:\/\/worldmedictelehealth.com\/wp-content\/uploads\/2024\/06\/Care-Homes-570x558.png 570w\" sizes=\"(max-width: 580px) 100vw, 580px\" \/>\t\t\t\t\t\t\t\t<\/a>\n\t\t\t\t\t\t\t\t\t\t\t\t\t\t\t<\/div>\n\t\t\t\t<\/div>\n\t\t\t\t<div class=\"elementor-element elementor-element-bb5a113 elementor-widget elementor-widget-heading\" data-id=\"bb5a113\" data-element_type=\"widget\" data-widget_type=\"heading.default\">\n\t\t\t\t<div class=\"elementor-widget-container\">\n\t\t\t\t\t<h4 class=\"elementor-heading-title elementor-size-default\"><a href=\"https:\/\/worldmedictelehealth.com\/fr\/care-homes\/\">Maisons de soins<\/a><\/h4>\t\t\t\t<\/div>\n\t\t\t\t<\/div>\n\t\t\t\t\t<\/div>\n\t\t<\/div>\n\t\t\t\t\t<\/div>\n\t\t<\/section>\n\t\t\t\t\t<\/div>\n\t\t<\/div>\n\t\t\t\t\t<\/div>\n\t\t<\/section>\n\t\t\t\t<section class=\"elementor-section elementor-top-section elementor-element elementor-element-d2c21d4 elementor-section-boxed elementor-section-height-default elementor-section-height-default\" data-id=\"d2c21d4\" data-element_type=\"section\">\n\t\t\t\t\t\t<div class=\"elementor-container elementor-column-gap-default\">\n\t\t\t\t\t<div class=\"elementor-column elementor-col-100 elementor-top-column elementor-element elementor-element-367c160\" data-id=\"367c160\" data-element_type=\"column\">\n\t\t\t<div class=\"elementor-widget-wrap elementor-element-populated\">\n\t\t\t\t\t\t<div class=\"elementor-element elementor-element-6409fcd elementor-widget elementor-widget-shortcode\" data-id=\"6409fcd\" data-element_type=\"widget\" data-widget_type=\"shortcode.default\">\n\t\t\t\t<div class=\"elementor-widget-container\">\n\t\t\t\t\t\t\t<div class=\"elementor-shortcode\">\n            <div \n                class=\"elfsight-widget-whatsapp-chat elfsight-widget\" \n                data-elfsight-whatsapp-chat-options=\"%7B%22facebookSubgoup%22%3Anull%2C%22whatsappSubgoup%22%3Anull%2C%22telegramSubgoup%22%3Anull%2C%22viberSubgoup%22%3Anull%2C%22rumbletalkSubgoup%22%3Anull%2C%22divider-1%22%3Anull%2C%22userAccessToken%22%3Anull%2C%22page%22%3Anull%2C%22phone%22%3A%22%2B1786483-5383%22%2C%22link%22%3Anull%2C%22userAccessTokenBubbleSubgroup%22%3Anull%2C%22bubbleIcon%22%3A%22whatsapp-chat%22%2C%22bubbleText%22%3A%22Send%20a%20message%22%2C%22picture%22%3A%22custom%22%2C%22pictureLibrary%22%3A%7B%22photo%22%3A%22https%3A%5C%2F%5C%2Fpbs.twimg.com%5C%2Fprofile_images%5C%2F951055655594545153%5C%2FF6eybr-i.jpg%22%7D%2C%22pictureCustom%22%3A%22https%3A%5C%2F%5C%2Fworldmedictelehealth.com%5C%2Fwp-content%5C%2Fuploads%5C%2F2024%5C%2F06%5C%2Fni123.png%22%2C%22name%22%3A%22WMT%20advisor%22%2C%22nameCaptionType%22%3A%22replyTime%22%2C%22nameCaptionReplyTime%22%3A%22Typically%20replies%20in%20minutes%22%2C%22nameCaptionCustom%22%3Anull%2C%22welcomeMessage%22%3A%22Hello%20%5Cud83d%5Cudc4b%20How%20can%20I%20help%20you%3F%3Cbr%3E%22%2C%22buttonText%22%3A%22Start%20Chat%22%2C%22buttonIconVisible%22%3Atrue%2C%22position%22%3A%22floating%22%2C%22align%22%3A%22right%22%2C%22whereToDisplayChat%22%3A%22allPages%22%2C%22excludedPages%22%3A%5B%5D%2C%22specificPages%22%3A%5B%5D%2C%22devicesToDisplay%22%3A%5B%22mobile%22%2C%22desktop%22%5D%2C%22showChatTo%22%3A%22allVisitors%22%2C%22displayDays%22%3A%5B0%2C1%2C2%2C3%2C4%2C5%2C6%5D%2C%22timeSchedule%22%3Afalse%2C%22displayStartTime%22%3A%2200%3A00%22%2C%22displayEndTime%22%3A%2200%3A00%22%2C%22timeZone%22%3A0%2C%22timeOnPage%22%3A0%2C%22timeOnSite%22%3A0%2C%22scrollPosition%22%3A0%2C%22exiIntent%22%3Afalse%2C%22notifications%22%3A%5B%22bubbleBadge%22%2C%22tabTitle%22%5D%2C%22headerBackgroundColor%22%3A%22rgb%289%2C%2094%2C%2084%29%22%2C%22buttonColor%22%3A%22rgb%2879%2C%20206%2C%2093%29%22%2C%22bubbleBackgroundColor%22%3A%22rgb%28255%2C%20255%2C%20255%29%22%2C%22bubbleIconColor%22%3A%22rgb%2879%2C%20206%2C%2093%29%22%2C%22windowBackgroundColor%22%3A%22rgb%28230%2C%20221%2C%20212%29%22%2C%22windowBackgroundPattern%22%3A%22https%3A%5C%2F%5C%2Felfsight.com%5C%2Fassets%5C%2Fchats%5C%2Fpatterns%5C%2Fwhatsapp.png%22%2C%22buttonBorderRadius%22%3A20%2C%22widgetId%22%3A%221%22%7D\" \n                data-elfsight-whatsapp-chat-version=\"1.2.0\"\n                data-elfsight-widget-id=\"elfsight-whatsapp-chat-1\">\n            <\/div>\n            <\/div>\n\t\t\t\t\t\t<\/div>\n\t\t\t\t<\/div>\n\t\t\t\t\t<\/div>\n\t\t<\/div>\n\t\t\t\t\t<\/div>\n\t\t<\/section>\n\t\t\t\t<\/div>","protected":false},"excerpt":{"rendered":"<p>We save lives through technology. We provide telemedicine services and develop the ideal medical product for Schools Insurance Companies Businesses Individuals Care Homes<\/p>","protected":false},"author":2,"featured_media":0,"parent":0,"menu_order":0,"comment_status":"closed","ping_status":"closed","template":"elementor_header_footer","meta":{"footnotes":""},"_links":{"self":[{"href":"https:\/\/worldmedictelehealth.com\/fr\/wp-json\/wp\/v2\/pages\/3559"}],"collection":[{"href":"https:\/\/worldmedictelehealth.com\/fr\/wp-json\/wp\/v2\/pages"}],"about":[{"href":"https:\/\/worldmedictelehealth.com\/fr\/wp-json\/wp\/v2\/types\/page"}],"author":[{"embeddable":true,"href":"https:\/\/worldmedictelehealth.com\/fr\/wp-json\/wp\/v2\/users\/2"}],"replies":[{"embeddable":true,"href":"https:\/\/worldmedictelehealth.com\/fr\/wp-json\/wp\/v2\/comments?post=3559"}],"version-history":[{"count":86,"href":"https:\/\/worldmedictelehealth.com\/fr\/wp-json\/wp\/v2\/pages\/3559\/revisions"}],"predecessor-version":[{"id":4493,"href":"https:\/\/worldmedictelehealth.com\/fr\/wp-json\/wp\/v2\/pages\/3559\/revisions\/4493"}],"wp:attachment":[{"href":"https:\/\/worldmedictelehealth.com\/fr\/wp-json\/wp\/v2\/media?parent=3559"}],"curies":[{"name":"wp","href":"https:\/\/api.w.org\/{rel}","templated":true}]}}