{"id":2531,"date":"2023-05-05T13:01:29","date_gmt":"2023-05-05T13:01:29","guid":{"rendered":"https:\/\/dev.wmatelesalud.com\/?page_id=2531"},"modified":"2024-06-14T00:24:39","modified_gmt":"2024-06-14T00:24:39","slug":"care-homes","status":"publish","type":"page","link":"https:\/\/worldmedictelehealth.com\/fr\/care-homes\/","title":{"rendered":"Maisons de soins"},"content":{"rendered":"<div data-elementor-type=\"wp-page\" data-elementor-id=\"2531\" class=\"elementor elementor-2531\" data-elementor-post-type=\"page\">\n\t\t\t\t\t\t<section class=\"elementor-section elementor-top-section elementor-element elementor-element-fa9ec5b elementor-section-full_width elementor-section-height-default elementor-section-height-default\" data-id=\"fa9ec5b\" data-element_type=\"section\" data-settings=\"{&quot;background_background&quot;:&quot;classic&quot;}\">\n\t\t\t\t\t\t<div class=\"elementor-container elementor-column-gap-default\">\n\t\t\t\t\t<div class=\"elementor-column elementor-col-50 elementor-top-column elementor-element elementor-element-2a64139\" data-id=\"2a64139\" data-element_type=\"column\">\n\t\t\t<div class=\"elementor-widget-wrap elementor-element-populated\">\n\t\t\t\t\t\t<div class=\"elementor-element elementor-element-ae1e4ed elementor-widget elementor-widget-heading\" data-id=\"ae1e4ed\" data-element_type=\"widget\" data-widget_type=\"heading.default\">\n\t\t\t\t<div class=\"elementor-widget-container\">\n\t\t\t\t\t<h2 class=\"elementor-heading-title elementor-size-default\">Une valeur ajout\u00e9e pour les maisons de retraite ou les r\u00e9sidences pour personnes \u00e2g\u00e9es<\/h2>\t\t\t\t<\/div>\n\t\t\t\t<\/div>\n\t\t\t\t<div class=\"elementor-element elementor-element-0fc5470 elementor-widget__width-initial elementor-widget elementor-widget-heading\" data-id=\"0fc5470\" data-element_type=\"widget\" data-widget_type=\"heading.default\">\n\t\t\t\t<div class=\"elementor-widget-container\">\n\t\t\t\t\t<p class=\"elementor-heading-title elementor-size-default\">Le bien-\u00eatre n\u00e9cessaire et ad\u00e9quat pour maintenir les personnes \u00e2g\u00e9es en bonne sant\u00e9 et bien soign\u00e9es.<\/p>\t\t\t\t<\/div>\n\t\t\t\t<\/div>\n\t\t\t\t\t<\/div>\n\t\t<\/div>\n\t\t\t\t<div class=\"elementor-column elementor-col-50 elementor-top-column elementor-element elementor-element-a2abba5\" data-id=\"a2abba5\" data-element_type=\"column\">\n\t\t\t<div class=\"elementor-widget-wrap elementor-element-populated\">\n\t\t\t\t\t\t<div class=\"elementor-element elementor-element-3818138 elementor-widget elementor-widget-image\" data-id=\"3818138\" data-element_type=\"widget\" data-widget_type=\"image.default\">\n\t\t\t\t<div class=\"elementor-widget-container\">\n\t\t\t\t\t\t\t\t\t\t\t\t\t\t\t<img fetchpriority=\"high\" decoding=\"async\" width=\"674\" height=\"490\" src=\"https:\/\/worldmedictelehealth.com\/wp-content\/uploads\/2024\/06\/w8327.png\" class=\"attachment-full size-full wp-image-4443\" alt=\"\" srcset=\"https:\/\/worldmedictelehealth.com\/wp-content\/uploads\/2024\/06\/w8327.png 674w, https:\/\/worldmedictelehealth.com\/wp-content\/uploads\/2024\/06\/w8327-300x218.png 300w, https:\/\/worldmedictelehealth.com\/wp-content\/uploads\/2024\/06\/w8327-18x12.png 18w, https:\/\/worldmedictelehealth.com\/wp-content\/uploads\/2024\/06\/w8327-370x270.png 370w, https:\/\/worldmedictelehealth.com\/wp-content\/uploads\/2024\/06\/w8327-570x414.png 570w\" sizes=\"(max-width: 674px) 100vw, 674px\" \/>\t\t\t\t\t\t\t\t\t\t\t\t\t\t\t<\/div>\n\t\t\t\t<\/div>\n\t\t\t\t\t<\/div>\n\t\t<\/div>\n\t\t\t\t\t<\/div>\n\t\t<\/section>\n\t\t\t\t<section class=\"elementor-section elementor-top-section elementor-element elementor-element-4a68a8b elementor-section-full_width elementor-section-height-min-height elementor-section-items-stretch elementor-section-stretched elementor-section-height-default\" data-id=\"4a68a8b\" data-element_type=\"section\" data-settings=\"{&quot;stretch_section&quot;:&quot;section-stretched&quot;}\">\n\t\t\t\t\t\t<div class=\"elementor-container elementor-column-gap-default\">\n\t\t\t\t\t<div class=\"elementor-column elementor-col-50 elementor-top-column elementor-element elementor-element-97c0165\" data-id=\"97c0165\" data-element_type=\"column\">\n\t\t\t<div class=\"elementor-widget-wrap elementor-element-populated\">\n\t\t\t\t\t\t<div class=\"elementor-element elementor-element-ce6dfe4 elementor-widget elementor-widget-image\" data-id=\"ce6dfe4\" data-element_type=\"widget\" data-widget_type=\"image.default\">\n\t\t\t\t<div class=\"elementor-widget-container\">\n\t\t\t\t\t\t\t\t\t\t\t\t\t\t\t<img decoding=\"async\" width=\"691\" height=\"488\" src=\"https:\/\/worldmedictelehealth.com\/wp-content\/uploads\/2024\/06\/jut.png\" class=\"attachment-full size-full wp-image-4445\" alt=\"\" srcset=\"https:\/\/worldmedictelehealth.com\/wp-content\/uploads\/2024\/06\/jut.png 691w, https:\/\/worldmedictelehealth.com\/wp-content\/uploads\/2024\/06\/jut-300x212.png 300w, https:\/\/worldmedictelehealth.com\/wp-content\/uploads\/2024\/06\/jut-18x12.png 18w, https:\/\/worldmedictelehealth.com\/wp-content\/uploads\/2024\/06\/jut-570x403.png 570w\" sizes=\"(max-width: 691px) 100vw, 691px\" \/>\t\t\t\t\t\t\t\t\t\t\t\t\t\t\t<\/div>\n\t\t\t\t<\/div>\n\t\t\t\t\t<\/div>\n\t\t<\/div>\n\t\t\t\t<div class=\"elementor-column elementor-col-50 elementor-top-column elementor-element elementor-element-d2fea34\" data-id=\"d2fea34\" data-element_type=\"column\" data-settings=\"{&quot;background_background&quot;:&quot;classic&quot;}\">\n\t\t\t<div class=\"elementor-widget-wrap elementor-element-populated\">\n\t\t\t\t\t<div class=\"elementor-background-overlay\"><\/div>\n\t\t\t\t\t\t<div class=\"elementor-element elementor-element-b30072b elementor-widget elementor-widget-heading\" data-id=\"b30072b\" data-element_type=\"widget\" data-widget_type=\"heading.default\">\n\t\t\t\t<div class=\"elementor-widget-container\">\n\t\t\t\t\t<p class=\"elementor-heading-title elementor-size-default\">Service g\u00e9riatrique<\/p>\t\t\t\t<\/div>\n\t\t\t\t<\/div>\n\t\t\t\t<div class=\"elementor-element elementor-element-4afc934 elementor-widget-mobile__width-initial elementor-widget elementor-widget-heading\" data-id=\"4afc934\" data-element_type=\"widget\" data-widget_type=\"heading.default\">\n\t\t\t\t<div class=\"elementor-widget-container\">\n\t\t\t\t\t<h2 class=\"elementor-heading-title elementor-size-default\">Caract\u00e9ristiques de notre service<\/h2>\t\t\t\t<\/div>\n\t\t\t\t<\/div>\n\t\t\t\t<div class=\"elementor-element elementor-element-186b362 elementor-widget-mobile__width-initial elementor-widget elementor-widget-heading\" data-id=\"186b362\" data-element_type=\"widget\" data-widget_type=\"heading.default\">\n\t\t\t\t<div class=\"elementor-widget-container\">\n\t\t\t\t\t<p class=\"elementor-heading-title elementor-size-default\">\u2022 Service 24h\/24, 365 jours\/an <br>\n\u2022 Mesure des signes vitaux en temps r\u00e9el <br>\n\u2022 Am\u00e9liore la qualit\u00e9 de vie et le bien-\u00eatre des r\u00e9sidents <br>\n\u2022 Tranquillit\u00e9 d'esprit pour les membres de la famille <br>\n\u2022 Assistance imm\u00e9diate <br>\n\u2022 Sp\u00e9cialit\u00e9s m\u00e9dicales <br>\n<\/p>\t\t\t\t<\/div>\n\t\t\t\t<\/div>\n\t\t\t\t<div class=\"elementor-element elementor-element-f2e9389 elementor-align-center elementor-widget elementor-widget-button\" data-id=\"f2e9389\" data-element_type=\"widget\" data-widget_type=\"button.default\">\n\t\t\t\t<div class=\"elementor-widget-container\">\n\t\t\t\t\t\t\t\t\t<div class=\"elementor-button-wrapper\">\n\t\t\t\t\t<a class=\"elementor-button elementor-button-link elementor-size-sm\" href=\"https:\/\/worldmedictelehealth.com\/fr\/contact\/\">\n\t\t\t\t\t\t<span class=\"elementor-button-content-wrapper\">\n\t\t\t\t\t\t\t\t\t<span class=\"elementor-button-text\">Contactez-nous<\/span>\n\t\t\t\t\t<\/span>\n\t\t\t\t\t<\/a>\n\t\t\t\t<\/div>\n\t\t\t\t\t\t\t\t<\/div>\n\t\t\t\t<\/div>\n\t\t\t\t\t<\/div>\n\t\t<\/div>\n\t\t\t\t\t<\/div>\n\t\t<\/section>\n\t\t\t\t<section class=\"elementor-section elementor-top-section elementor-element elementor-element-c9c3834 elementor-section-boxed elementor-section-height-default elementor-section-height-default\" data-id=\"c9c3834\" data-element_type=\"section\" data-settings=\"{&quot;background_background&quot;:&quot;classic&quot;}\">\n\t\t\t\t\t\t<div class=\"elementor-container elementor-column-gap-default\">\n\t\t\t\t\t<div class=\"elementor-column elementor-col-100 elementor-top-column elementor-element elementor-element-5550557\" data-id=\"5550557\" data-element_type=\"column\">\n\t\t\t<div class=\"elementor-widget-wrap\">\n\t\t\t\t\t\t\t<\/div>\n\t\t<\/div>\n\t\t\t\t\t<\/div>\n\t\t<\/section>\n\t\t\t\t<section class=\"elementor-section elementor-top-section elementor-element elementor-element-d42b57a elementor-section-boxed elementor-section-height-default elementor-section-height-default\" data-id=\"d42b57a\" data-element_type=\"section\">\n\t\t\t\t\t\t<div class=\"elementor-container elementor-column-gap-default\">\n\t\t\t\t\t<div class=\"elementor-column elementor-col-100 elementor-top-column elementor-element elementor-element-71939d2\" data-id=\"71939d2\" data-element_type=\"column\">\n\t\t\t<div class=\"elementor-widget-wrap elementor-element-populated\">\n\t\t\t\t\t\t<div class=\"elementor-element elementor-element-1f62b73 elementor-widget elementor-widget-shortcode\" data-id=\"1f62b73\" data-element_type=\"widget\" data-widget_type=\"shortcode.default\">\n\t\t\t\t<div class=\"elementor-widget-container\">\n\t\t\t\t\t\t\t<div class=\"elementor-shortcode\">\n            <div \n                class=\"elfsight-widget-whatsapp-chat elfsight-widget\" \n                data-elfsight-whatsapp-chat-options=\"%7B%22facebookSubgoup%22%3Anull%2C%22whatsappSubgoup%22%3Anull%2C%22telegramSubgoup%22%3Anull%2C%22viberSubgoup%22%3Anull%2C%22rumbletalkSubgoup%22%3Anull%2C%22divider-1%22%3Anull%2C%22userAccessToken%22%3Anull%2C%22page%22%3Anull%2C%22phone%22%3A%22%2B1786483-5383%22%2C%22link%22%3Anull%2C%22userAccessTokenBubbleSubgroup%22%3Anull%2C%22bubbleIcon%22%3A%22whatsapp-chat%22%2C%22bubbleText%22%3A%22Send%20a%20message%22%2C%22picture%22%3A%22custom%22%2C%22pictureLibrary%22%3A%7B%22photo%22%3A%22https%3A%5C%2F%5C%2Fpbs.twimg.com%5C%2Fprofile_images%5C%2F951055655594545153%5C%2FF6eybr-i.jpg%22%7D%2C%22pictureCustom%22%3A%22https%3A%5C%2F%5C%2Fworldmedictelehealth.com%5C%2Fwp-content%5C%2Fuploads%5C%2F2024%5C%2F06%5C%2Fni123.png%22%2C%22name%22%3A%22WMT%20advisor%22%2C%22nameCaptionType%22%3A%22replyTime%22%2C%22nameCaptionReplyTime%22%3A%22Typically%20replies%20in%20minutes%22%2C%22nameCaptionCustom%22%3Anull%2C%22welcomeMessage%22%3A%22Hello%20%5Cud83d%5Cudc4b%20How%20can%20I%20help%20you%3F%3Cbr%3E%22%2C%22buttonText%22%3A%22Start%20Chat%22%2C%22buttonIconVisible%22%3Atrue%2C%22position%22%3A%22floating%22%2C%22align%22%3A%22right%22%2C%22whereToDisplayChat%22%3A%22allPages%22%2C%22excludedPages%22%3A%5B%5D%2C%22specificPages%22%3A%5B%5D%2C%22devicesToDisplay%22%3A%5B%22mobile%22%2C%22desktop%22%5D%2C%22showChatTo%22%3A%22allVisitors%22%2C%22displayDays%22%3A%5B0%2C1%2C2%2C3%2C4%2C5%2C6%5D%2C%22timeSchedule%22%3Afalse%2C%22displayStartTime%22%3A%2200%3A00%22%2C%22displayEndTime%22%3A%2200%3A00%22%2C%22timeZone%22%3A0%2C%22timeOnPage%22%3A0%2C%22timeOnSite%22%3A0%2C%22scrollPosition%22%3A0%2C%22exiIntent%22%3Afalse%2C%22notifications%22%3A%5B%22bubbleBadge%22%2C%22tabTitle%22%5D%2C%22headerBackgroundColor%22%3A%22rgb%289%2C%2094%2C%2084%29%22%2C%22buttonColor%22%3A%22rgb%2879%2C%20206%2C%2093%29%22%2C%22bubbleBackgroundColor%22%3A%22rgb%28255%2C%20255%2C%20255%29%22%2C%22bubbleIconColor%22%3A%22rgb%2879%2C%20206%2C%2093%29%22%2C%22windowBackgroundColor%22%3A%22rgb%28230%2C%20221%2C%20212%29%22%2C%22windowBackgroundPattern%22%3A%22https%3A%5C%2F%5C%2Felfsight.com%5C%2Fassets%5C%2Fchats%5C%2Fpatterns%5C%2Fwhatsapp.png%22%2C%22buttonBorderRadius%22%3A20%2C%22widgetId%22%3A%221%22%7D\" \n                data-elfsight-whatsapp-chat-version=\"1.2.0\"\n                data-elfsight-widget-id=\"elfsight-whatsapp-chat-1\">\n            <\/div>\n            <\/div>\n\t\t\t\t\t\t<\/div>\n\t\t\t\t<\/div>\n\t\t\t\t\t<\/div>\n\t\t<\/div>\n\t\t\t\t\t<\/div>\n\t\t<\/section>\n\t\t\t\t<\/div>","protected":false},"excerpt":{"rendered":"<p>An added value for nursing homes or senior residences The necessary and proper well-being to keep the elderly healthy and cared for Geriatric service Features of our service \u2022 24\/7 &#8211; 365 service \u2022 Real-time vital signs measurement scan \u2022 Enhances the quality of life and well-being of the resident \u2022 Peace of mind for [&hellip;]<\/p>","protected":false},"author":2,"featured_media":0,"parent":0,"menu_order":0,"comment_status":"closed","ping_status":"closed","template":"elementor_header_footer","meta":{"footnotes":""},"_links":{"self":[{"href":"https:\/\/worldmedictelehealth.com\/fr\/wp-json\/wp\/v2\/pages\/2531"}],"collection":[{"href":"https:\/\/worldmedictelehealth.com\/fr\/wp-json\/wp\/v2\/pages"}],"about":[{"href":"https:\/\/worldmedictelehealth.com\/fr\/wp-json\/wp\/v2\/types\/page"}],"author":[{"embeddable":true,"href":"https:\/\/worldmedictelehealth.com\/fr\/wp-json\/wp\/v2\/users\/2"}],"replies":[{"embeddable":true,"href":"https:\/\/worldmedictelehealth.com\/fr\/wp-json\/wp\/v2\/comments?post=2531"}],"version-history":[{"count":60,"href":"https:\/\/worldmedictelehealth.com\/fr\/wp-json\/wp\/v2\/pages\/2531\/revisions"}],"predecessor-version":[{"id":4496,"href":"https:\/\/worldmedictelehealth.com\/fr\/wp-json\/wp\/v2\/pages\/2531\/revisions\/4496"}],"wp:attachment":[{"href":"https:\/\/worldmedictelehealth.com\/fr\/wp-json\/wp\/v2\/media?parent=2531"}],"curies":[{"name":"wp","href":"https:\/\/api.w.org\/{rel}","templated":true}]}}